{"id":225,"date":"2022-02-25T16:32:46","date_gmt":"2022-02-25T16:32:46","guid":{"rendered":"http:\/\/cabanedesvignettes.test\/zustieg-und-touren\/"},"modified":"2022-06-30T17:03:46","modified_gmt":"2022-06-30T17:03:46","slug":"zustieg-und-touren","status":"publish","type":"page","link":"https:\/\/cabane-des-vignettes.ch\/de\/zustieg-und-touren\/","title":{"rendered":"Zustieg und Touren"},"content":{"rendered":"\n\n\t<p>Die Vignttesh\u00fctte liegt im Herzen der Walliser Alpen, auf 3157 H\u00f6henmetern, im Val d&#8217;H\u00e9rens, oberhalb des pittoresken Bergdorfes Arolla. Sie ist das Eigentum der Monte Rose- Sektion des Schweizer Alpenclubs. Von der H\u00fctte aus haben Sie einen atemberaubenden Blick auf den Otemma-Gletscher, den Gletscher des Mont Collon, sowie auf die Gipfel des Pigne d&#8217;Arolla, des Mont Collon oder des Ev\u00eaque.<\/p>\n\t<h3>\n\t\t\t\tZustieg\n\t\t\t<\/h3>\n\t\t\t<p><strong>Karte<\/strong>1347 Matterhorn (1:25&#8217;000) oder 283 Arolla (1:50000)<strong><br \/>Von Arolla<\/strong>Aus \u00fcber die steile Gletschermor\u00e4ne, welche den Glacier de Pi\u00e8ce und Tsijore- Gletscher teilt, bis zum Punkt 2571 Metern markiert ist. Von da an, linker Hand dem Glacier de Von da an, linker Hand dem Glacier de Pi\u00e8ce entlang aufsteigen. Die H\u00fctte befindet sich \u00f6stlich des Vignettes-Sattels, man braucht etwa 3-4 Stunden.<strong><br \/>Von der Dixh\u00fctte aus, \u00fcber den Pigne d&#8217;Arolla.<\/strong>Eine genaue Beschreibung finden Sie auf <a href=\"https:\/\/www.camptocamp.org\/routes\/48072\/fr\/pigne-d-arolla-traversee-cabane-des-dix-cabane-desvignettes\" target=\"_blank\" rel=\"noopener\">Camptocamp.<\/a><br \/>Bei schlechtem Wetter empfehlen wir Ihnen von der Dixh\u00fctte aus \u00fcber den Pas de Ch\u00e8vre und den Glacier de zur Vignette aufzusteigen.<strong><br \/>Von der Chanrionh\u00fctte aus:<\/strong><br \/>-&gt; Im Winter empfehlen wir die Route, die auf folgender<a href=\"https:\/\/www.camptocamp.org\/routes\/49286\/fr\/pigne-d-arolla-traversee-cabane-de-chanrion-cabane-des-vignettes-par-leglacier-du-breney\" target=\"_blank\" rel=\"noopener\">Camptocamp-Seite<\/a> Eine anspruchsvollere alpine Variante f\u00fchrt \u00fcber die <a href=\"https:\/\/www.camptocamp.org\/routes\/53627\/fr\" target=\"_blank\" rel=\"noopener\">Portons<\/a>. Eine flachere Variante f\u00fchrt \u00fcber den Otemma-Gletscher.<br \/>-&gt; Im Sommer: Zustieg haupts\u00e4chlich \u00fcber den Otemma Gletscher.\u00a0Alle Zustiege f\u00fchren \u00fcber Gletscherterrain, achten Sie also auf die entsprechende Ausr\u00fcstung. Auf folgendem Link, finden Sie eine Liste mit der notwendigen Ausr\u00fcstung: <a href=\"https:\/\/www.camptocamp.org\/articles\/185750\/fr\/le-contenu-du-sac-alpinisme-neige-glace-mixte-de-f-a-pd-\" target=\"_blank\" rel=\"noopener\">hier<\/a>.\u00a0Auf unserer <a href=\"https:\/\/www.facebook.com\/Cabane-des-Vignettes-104205062176411\" target=\"_blank\" rel=\"noopener\">Facebook<\/a>-Seite und <a href=\"https:\/\/www.instagram.com\/cabane_des_vignettes\/\" target=\"_blank\" rel=\"noopener\">Instagram<\/a> k\u00f6nnen Sie sich \u00fcber die aktuellen Bedingungen informieren und Feedback von gef\u00fchrten Touren bekommen, die es Ihnen erm\u00f6glichen das Hochgebirge zu entdecken.<\/p>\t\n\t<iframe loading=\"lazy\" src=\"https:\/\/map.geo.admin.ch\/embed.html?lang=en&amp;topic=ech&amp;bgLayer=ch.swisstopo.pixelkarte-farbe&amp;layers=ch.swisstopo.zeitreihen,ch.bfs.gebaeude_wohnungs_register,ch.bav.haltestellen-oev,ch.swisstopo.swisstlm3d-wanderwege,ch.astra.wanderland-sperrungen_umleitungen,KML%7C%7Chttps:%2F%2Fpublic.geo.admin.ch%2FZvb1BchTTzWvs3qrnlmwig&amp;layers_opacity=1,1,1,0.8,0.8,1&amp;layers_visibility=false,false,false,false,false,true&amp;layers_timestamp=18641231,,,,,&amp;E=2602320.86&amp;N=1094805.68&amp;zoom=6\" width=\"100%\" height=\"500\" frameborder=\"0\"><\/iframe>\n\t<p>Sie k\u00f6nnen die topografische Karte &#8218;Swisstopo&#8216; online auf der Internetseite der Schweizerischen Eidgenossenschaft konsultieren: <a href=\"https:\/\/s.geo.admin.ch\/95d7a712ca\" target=\"_blank\" rel=\"noopener\">https:\/\/s.geo.admin.ch\/95d7a712ca<\/a><\/p>\n\t<h3>\n\t\t\t\tTouren\n\t\t\t<\/h3>\n\t\t\t<p><strong>Einige Tourenvorschl\u00e4ge von der H\u00fctte aus f\u00fcr den Winter<\/strong><ul><li>Pigne d&#8217;Arolla<\/li><li>Les Pointes d&#8217;Oren<\/li><li>L&#8217;Ev\u00eaque<\/li><li>Le Petit Mont Collon<\/li><li>Die Umgehung des Mont Collon<\/li><li>L&#8217;Aouille Tseuque<\/li><li>das Biwak der Aiguillette de la Singla<\/li><li>Bertol-H\u00fctte \u00fcber den Ev\u00eaque-Pass<\/li><li>Chanrion-H\u00fctte \u00fcber den Charmotane-Pass<\/li><li>Zermatt \u00fcber die P\u00e4sse des Ev\u00eaque, des Mont Brul\u00e9 und Valpelline<\/li><\/ul><strong><br \/>Einige Tourenvorschl\u00e4ge von der H\u00fctte aus f\u00fcr den Sommer<\/strong><ul><li>Der Mont Collon \u00fcber die Standardroute<\/li><li>Der Ev\u00eaque \u00fcber die Standardroute oder den felsigen SW-Grat<\/li><li>Die \u00dcberschreitung Pigne d&#8217;Arolla &#8211; Mont Blanc de Cheillon &#8211; Dix-H\u00fctte<\/li><li>Dix-H\u00fctte \u00fcber die Pigne d&#8217;Arolla und den Serpentine-Pass<\/li><li>Die Umgehung des Mont Collon<\/li><li>Das Bouquetin-Biwak \u00fcber den Ev\u00eaque-Pass<\/li><\/ul><br \/>Mehr Informationen zu Touren von der Vignettesh\u00fctte aus, finden Sie auf der <a href=\"https:\/\/www.camptocamp.org\/waypoints\/112879\/fr\/cabane-des-vignettes\" target=\"_blank\" rel=\"noopener\">Camptocamp-Seite<\/a><\/p>\t\n\n","protected":false},"excerpt":{"rendered":"<p>Die Vignttesh\u00fctte liegt im Herzen der Walliser Alpen, auf 3157 H\u00f6henmetern, im Val d&#8217;H\u00e9rens, oberhalb des pittoresken Bergdorfes Arolla. Sie ist das Eigentum der Monte Rose- Sektion des Schweizer Alpenclubs. Von der H\u00fctte aus haben Sie einen atemberaubenden Blick auf den Otemma-Gletscher, den Gletscher des Mont Collon, sowie auf die Gipfel des Pigne d&#8217;Arolla, des&hellip;<\/p>\n","protected":false},"author":1,"featured_media":0,"parent":0,"menu_order":0,"comment_status":"closed","ping_status":"closed","template":"","meta":{"_acf_changed":false,"footnotes":""},"class_list":["post-225","page","type-page","status-publish","hentry"],"acf":[],"yoast_head":"<!-- This site is optimized with the Yoast SEO plugin v27.6 - https:\/\/yoast.com\/product\/yoast-seo-wordpress\/ -->\n<title>Zustieg und Touren - Cabane des Vignettes<\/title>\n<meta name=\"robots\" content=\"index, follow, max-snippet:-1, max-image-preview:large, max-video-preview:-1\" \/>\n<link rel=\"canonical\" href=\"https:\/\/cabane-des-vignettes.ch\/de\/zustieg-und-touren\/\" \/>\n<meta property=\"og:locale\" content=\"de_DE\" \/>\n<meta property=\"og:type\" content=\"article\" \/>\n<meta property=\"og:title\" content=\"Zustieg und Touren - Cabane des Vignettes\" \/>\n<meta property=\"og:description\" content=\"Die Vignttesh\u00fctte liegt im Herzen der Walliser Alpen, auf 3157 H\u00f6henmetern, im Val d&#8217;H\u00e9rens, oberhalb des pittoresken Bergdorfes Arolla. Sie ist das Eigentum der Monte Rose- Sektion des Schweizer Alpenclubs. Von der H\u00fctte aus haben Sie einen atemberaubenden Blick auf den Otemma-Gletscher, den Gletscher des Mont Collon, sowie auf die Gipfel des Pigne d&#8217;Arolla, des&hellip;\" \/>\n<meta property=\"og:url\" content=\"https:\/\/cabane-des-vignettes.ch\/de\/zustieg-und-touren\/\" \/>\n<meta property=\"og:site_name\" content=\"Cabane des Vignettes\" \/>\n<meta property=\"article:publisher\" content=\"https:\/\/www.facebook.com\/Cabane-des-Vignettes-104205062176411\" \/>\n<meta property=\"article:modified_time\" content=\"2022-06-30T17:03:46+00:00\" \/>\n<meta name=\"twitter:card\" content=\"summary_large_image\" \/>\n<meta name=\"twitter:label1\" content=\"Gesch\u00e4tzte Lesezeit\" \/>\n\t<meta name=\"twitter:data1\" content=\"2\u00a0Minuten\" \/>\n<script type=\"application\/ld+json\" class=\"yoast-schema-graph\">{\"@context\":\"https:\\\/\\\/schema.org\",\"@graph\":[{\"@type\":\"WebPage\",\"@id\":\"https:\\\/\\\/cabane-des-vignettes.ch\\\/de\\\/zustieg-und-touren\\\/\",\"url\":\"https:\\\/\\\/cabane-des-vignettes.ch\\\/de\\\/zustieg-und-touren\\\/\",\"name\":\"Zustieg und Touren - Cabane des Vignettes\",\"isPartOf\":{\"@id\":\"https:\\\/\\\/cabane-des-vignettes.ch\\\/de\\\/#website\"},\"datePublished\":\"2022-02-25T16:32:46+00:00\",\"dateModified\":\"2022-06-30T17:03:46+00:00\",\"breadcrumb\":{\"@id\":\"https:\\\/\\\/cabane-des-vignettes.ch\\\/de\\\/zustieg-und-touren\\\/#breadcrumb\"},\"inLanguage\":\"de\",\"potentialAction\":[{\"@type\":\"ReadAction\",\"target\":[\"https:\\\/\\\/cabane-des-vignettes.ch\\\/de\\\/zustieg-und-touren\\\/\"]}]},{\"@type\":\"BreadcrumbList\",\"@id\":\"https:\\\/\\\/cabane-des-vignettes.ch\\\/de\\\/zustieg-und-touren\\\/#breadcrumb\",\"itemListElement\":[{\"@type\":\"ListItem\",\"position\":1,\"name\":\"Home\",\"item\":\"https:\\\/\\\/cabane-des-vignettes.ch\\\/de\\\/\"},{\"@type\":\"ListItem\",\"position\":2,\"name\":\"Zustieg und Touren\"}]},{\"@type\":\"WebSite\",\"@id\":\"https:\\\/\\\/cabane-des-vignettes.ch\\\/de\\\/#website\",\"url\":\"https:\\\/\\\/cabane-des-vignettes.ch\\\/de\\\/\",\"name\":\"Cabane des Vignettes\",\"description\":\"Swiss mountain hut, at 3157 meters, on the Haute Route between Chamonix and Zermatt\",\"publisher\":{\"@id\":\"https:\\\/\\\/cabane-des-vignettes.ch\\\/de\\\/#organization\"},\"potentialAction\":[{\"@type\":\"SearchAction\",\"target\":{\"@type\":\"EntryPoint\",\"urlTemplate\":\"https:\\\/\\\/cabane-des-vignettes.ch\\\/de\\\/?s={search_term_string}\"},\"query-input\":{\"@type\":\"PropertyValueSpecification\",\"valueRequired\":true,\"valueName\":\"search_term_string\"}}],\"inLanguage\":\"de\"},{\"@type\":\"Organization\",\"@id\":\"https:\\\/\\\/cabane-des-vignettes.ch\\\/de\\\/#organization\",\"name\":\"Cabane des Vignettes\",\"url\":\"https:\\\/\\\/cabane-des-vignettes.ch\\\/de\\\/\",\"logo\":{\"@type\":\"ImageObject\",\"inLanguage\":\"de\",\"@id\":\"https:\\\/\\\/cabane-des-vignettes.ch\\\/de\\\/#\\\/schema\\\/logo\\\/image\\\/\",\"url\":\"https:\\\/\\\/cabane-des-vignettes.ch\\\/wp-content\\\/uploads\\\/2022\\\/02\\\/cdv-logo-color.svg\",\"contentUrl\":\"https:\\\/\\\/cabane-des-vignettes.ch\\\/wp-content\\\/uploads\\\/2022\\\/02\\\/cdv-logo-color.svg\",\"width\":1,\"height\":1,\"caption\":\"Cabane des Vignettes\"},\"image\":{\"@id\":\"https:\\\/\\\/cabane-des-vignettes.ch\\\/de\\\/#\\\/schema\\\/logo\\\/image\\\/\"},\"sameAs\":[\"https:\\\/\\\/www.facebook.com\\\/Cabane-des-Vignettes-104205062176411\",\"https:\\\/\\\/www.instagram.com\\\/cabane_des_vignettes\\\/\"]}]}<\/script>\n<!-- \/ Yoast SEO plugin. -->","yoast_head_json":{"title":"Zustieg und Touren - Cabane des Vignettes","robots":{"index":"index","follow":"follow","max-snippet":"max-snippet:-1","max-image-preview":"max-image-preview:large","max-video-preview":"max-video-preview:-1"},"canonical":"https:\/\/cabane-des-vignettes.ch\/de\/zustieg-und-touren\/","og_locale":"de_DE","og_type":"article","og_title":"Zustieg und Touren - Cabane des Vignettes","og_description":"Die Vignttesh\u00fctte liegt im Herzen der Walliser Alpen, auf 3157 H\u00f6henmetern, im Val d&#8217;H\u00e9rens, oberhalb des pittoresken Bergdorfes Arolla. Sie ist das Eigentum der Monte Rose- Sektion des Schweizer Alpenclubs. Von der H\u00fctte aus haben Sie einen atemberaubenden Blick auf den Otemma-Gletscher, den Gletscher des Mont Collon, sowie auf die Gipfel des Pigne d&#8217;Arolla, des&hellip;","og_url":"https:\/\/cabane-des-vignettes.ch\/de\/zustieg-und-touren\/","og_site_name":"Cabane des Vignettes","article_publisher":"https:\/\/www.facebook.com\/Cabane-des-Vignettes-104205062176411","article_modified_time":"2022-06-30T17:03:46+00:00","twitter_card":"summary_large_image","twitter_misc":{"Gesch\u00e4tzte Lesezeit":"2\u00a0Minuten"},"schema":{"@context":"https:\/\/schema.org","@graph":[{"@type":"WebPage","@id":"https:\/\/cabane-des-vignettes.ch\/de\/zustieg-und-touren\/","url":"https:\/\/cabane-des-vignettes.ch\/de\/zustieg-und-touren\/","name":"Zustieg und Touren - Cabane des Vignettes","isPartOf":{"@id":"https:\/\/cabane-des-vignettes.ch\/de\/#website"},"datePublished":"2022-02-25T16:32:46+00:00","dateModified":"2022-06-30T17:03:46+00:00","breadcrumb":{"@id":"https:\/\/cabane-des-vignettes.ch\/de\/zustieg-und-touren\/#breadcrumb"},"inLanguage":"de","potentialAction":[{"@type":"ReadAction","target":["https:\/\/cabane-des-vignettes.ch\/de\/zustieg-und-touren\/"]}]},{"@type":"BreadcrumbList","@id":"https:\/\/cabane-des-vignettes.ch\/de\/zustieg-und-touren\/#breadcrumb","itemListElement":[{"@type":"ListItem","position":1,"name":"Home","item":"https:\/\/cabane-des-vignettes.ch\/de\/"},{"@type":"ListItem","position":2,"name":"Zustieg und Touren"}]},{"@type":"WebSite","@id":"https:\/\/cabane-des-vignettes.ch\/de\/#website","url":"https:\/\/cabane-des-vignettes.ch\/de\/","name":"Cabane des Vignettes","description":"Swiss mountain hut, at 3157 meters, on the Haute Route between Chamonix and Zermatt","publisher":{"@id":"https:\/\/cabane-des-vignettes.ch\/de\/#organization"},"potentialAction":[{"@type":"SearchAction","target":{"@type":"EntryPoint","urlTemplate":"https:\/\/cabane-des-vignettes.ch\/de\/?s={search_term_string}"},"query-input":{"@type":"PropertyValueSpecification","valueRequired":true,"valueName":"search_term_string"}}],"inLanguage":"de"},{"@type":"Organization","@id":"https:\/\/cabane-des-vignettes.ch\/de\/#organization","name":"Cabane des Vignettes","url":"https:\/\/cabane-des-vignettes.ch\/de\/","logo":{"@type":"ImageObject","inLanguage":"de","@id":"https:\/\/cabane-des-vignettes.ch\/de\/#\/schema\/logo\/image\/","url":"https:\/\/cabane-des-vignettes.ch\/wp-content\/uploads\/2022\/02\/cdv-logo-color.svg","contentUrl":"https:\/\/cabane-des-vignettes.ch\/wp-content\/uploads\/2022\/02\/cdv-logo-color.svg","width":1,"height":1,"caption":"Cabane des Vignettes"},"image":{"@id":"https:\/\/cabane-des-vignettes.ch\/de\/#\/schema\/logo\/image\/"},"sameAs":["https:\/\/www.facebook.com\/Cabane-des-Vignettes-104205062176411","https:\/\/www.instagram.com\/cabane_des_vignettes\/"]}]}},"_links":{"self":[{"href":"https:\/\/cabane-des-vignettes.ch\/de\/wp-json\/wp\/v2\/pages\/225","targetHints":{"allow":["GET"]}}],"collection":[{"href":"https:\/\/cabane-des-vignettes.ch\/de\/wp-json\/wp\/v2\/pages"}],"about":[{"href":"https:\/\/cabane-des-vignettes.ch\/de\/wp-json\/wp\/v2\/types\/page"}],"author":[{"embeddable":true,"href":"https:\/\/cabane-des-vignettes.ch\/de\/wp-json\/wp\/v2\/users\/1"}],"replies":[{"embeddable":true,"href":"https:\/\/cabane-des-vignettes.ch\/de\/wp-json\/wp\/v2\/comments?post=225"}],"version-history":[{"count":4,"href":"https:\/\/cabane-des-vignettes.ch\/de\/wp-json\/wp\/v2\/pages\/225\/revisions"}],"predecessor-version":[{"id":382,"href":"https:\/\/cabane-des-vignettes.ch\/de\/wp-json\/wp\/v2\/pages\/225\/revisions\/382"}],"wp:attachment":[{"href":"https:\/\/cabane-des-vignettes.ch\/de\/wp-json\/wp\/v2\/media?parent=225"}],"curies":[{"name":"wp","href":"https:\/\/api.w.org\/{rel}","templated":true}]}}