{"id":226,"date":"2022-02-25T16:33:33","date_gmt":"2022-02-25T16:33:33","guid":{"rendered":"http:\/\/cabanedesvignettes.test\/informationen\/"},"modified":"2026-01-13T13:00:24","modified_gmt":"2026-01-13T13:00:24","slug":"faqs","status":"publish","type":"page","link":"https:\/\/cabane-des-vignettes.ch\/de\/faqs\/","title":{"rendered":"FAQs"},"content":{"rendered":"\n\n\t<p>Vor Ihrem Aufstieg zur H\u00fctte:<\/p>\n<ul>\n<li><strong>Reservieren<\/strong> Sie im Voraus bitte.<\/li>\n<li>Sie k\u00f6nnen ein <strong>spezielles Men\u00fc<\/strong> anfragen (vegetarisch, ohne Gluten, Laktose frei, je nach Allergie). Damit wir dies vorbereiten k\u00f6nnen, informieren Sie uns schon bei Ihrer Reservierung.<\/li>\n<li>Denken Sie daran einen <strong>H\u00fcttenschlafsack<\/strong>\u00a0mitzubringen.<\/li>\n<li>Eine \u00dcbernachtung ohne Halbpension ist m\u00f6glich. Das Zubereiten eigener Speisen in der K\u00fcche ist auf der H\u00fctte nicht m\u00f6glich.<\/li>\n<\/ul>\n<strong><br \/>\n<\/strong>Auf der H\u00fctte:\n<ul>\n<li><strong>Das Check-in ist von 11:00-17:30 Uhr.<\/strong> Zeigen Sie bitte Ihre Mitgliedschaftskarte oder Ihre Bergf\u00fchrerausweis vor, um die entsprechenden Erm\u00e4ssigungen zu erhalten.<\/li>\n<li>Das <strong>Nachtessen ist um 18:30 Uhr<\/strong>. Die Fr\u00fchst\u00fcckszeiten h\u00e4ngt von der Saison und den jeweiligen Bedingungen ab.<\/li>\n<li>F\u00fcr CHF 16,- k\u00f6nnen Sie bei uns ein <strong>Picknick<\/strong>\u00a0erhalten. Bestellungen sind bis 16:00 Uhr m\u00f6glich.<\/li>\n<li>Wir bevorzugen <strong>Barzahlungen<\/strong>, aber wir akzeptieren auch <strong>Kartenzahlungen<\/strong>. Die Zahlung auf Rechnung ist nur in Ausnahmef\u00e4llen und nach unserer Zustimmung m\u00f6glich. Wir erstellen eine Rechnung pro Seilschaft\/Gruppe (eine Rechnung pro Seilschaft = eine Bankkarte)<\/li>\n<li>Die Vignettesh\u00fctte ist eine <strong>Hochgebirgsh\u00fctte<\/strong>, das bedeutet kein Strom f\u00fcr die G\u00e4ste, kein Trinkwasser (nur geschmolzener Schnee), kein fliessendes Wasser im Winter. Sie k\u00f6nnen Mineralwasser in der Flasche oder heisses Teewasser kaufen. Um <strong>Ihre elektronischen Ger\u00e4te aufzuladen<\/strong>, k\u00f6nnen Sie bei gutem Wetter bis 18 Uhr kostenlos aufladen. Abends oder bei schlechtem Wetter verlangen wir einen Beitrag von CHF 2.- pro Ladung (der Generator wird mit Diesel betrieben, der in einem Hubschrauber montiert wurde. Strom in den Bergen ist ein echtes Luxusgut&#8230;). Aus Sicherheitsgr\u00fcnden laden wir bei schlechtem Wetter kostenlos ein Mobiltelefon pro Seilschaft.<\/li>\n<li>Nehmen Sie <strong>Ihren Abfall mit zur\u00fcck ins Tal<\/strong>.<\/li>\n<\/ul>\n<strong><br \/>\n<\/strong>\u00c4nderung oder Annullierung Ihrer Reservierung:\n<ul>\n<li>Jede Annullierung oder \u00c4nderung einer Reservierung muss, direkt \u00fcber das Reservierungsportal vorgenommen werden. <strong>Wenn Sie schon unterwegs sind, rufen Sie uns an, um Ihre Reservierung zu \u00e4ndern oder zu annullieren.<\/strong><\/li>\n<li>Die <strong>Stornierung oder \u00c4nderung Ihrer Reservierung<\/strong> ist bis zu 2 Tage vor dem reservierten Datum und vor 18 Uhr kostenfrei m\u00f6glich. Nach Ablauf dieser Frist und gem\u00e4ss den allgemeinen Gesch\u00e4ftsbedingungen der Vignettesh\u00fctte SAC wird eine Geb\u00fchr verrechnet. Die Geb\u00fchren sind wie folgt:<br \/>\n&#8211; Bis zu 2 Tage vor Ankunft, vor 18 Uhr: <strong>kostenlos<\/strong>.<br \/>\n&#8211; Weniger als 2 Tage vor Anreise (&gt;18 Uhr): <strong>CHF 55.pro Person und Nacht<\/strong>.<br \/>\n&#8211; No show: <strong>CHF 79.- pro Person und Nacht.<\/strong><\/li>\n<\/ul>\n<p>Sollten Sie noch Fragen haben, kontaktieren Sie uns. Unsere Kontaktinformationen finden Sie weiter unten auf dieser Seite.<\/p>\n<strong><br \/>\nN\u00fctzliche Links:<\/strong>\n<ul>\n<li>Busservice Sion-Arolla oder Arolla-Sion : <a href=\"https:\/\/www.postauto.ch\/fr\/horaire\" target=\"_blank\" rel=\"noopener\">postauto.ch<\/a><\/li>\n<li>Sportgesch\u00e4ft in Arolla, Bournissen Sports : <a href=\"https:\/\/www.bournissensports.ch\/site\/index.php\" target=\"_blank\" rel=\"noopener\">bournissensports.ch<\/a><\/li>\n<li>Lawinenbulletin und Schneesituation : <a href=\"https:\/\/www.slf.ch\/fr\/index.html\" target=\"_blank\" rel=\"noopener\">slf.ch<\/a><\/li>\n<li>Wetterbericht Cabane des Vignettes : <a href=\"https:\/\/www.meteoblue.com\/fr\/meteo\/semaine\/pointe-desvignettes_suisse_6931691\" target=\"_blank\" rel=\"noopener\">meteoblue.com<\/a><\/li>\n<li>Bergrettung : <a href=\"http:\/\/www.ocvs.ch\/\" target=\"_blank\" rel=\"noopener\">ocvs.ch<\/a><\/li>\n<li>Evol\u00e8ne Tourismus : <a href=\"http:\/\/www.evolene-region.ch\/\" target=\"_blank\" rel=\"noopener\">evolene-region.ch<\/a><\/li>\n<\/ul>\n<p>Telefonnummer Bergrettung: <a href=\"tel:144\"><strong>144<\/strong><\/a><\/p>\n\n","protected":false},"excerpt":{"rendered":"<p>Vor Ihrem Aufstieg zur H\u00fctte: Reservieren Sie im Voraus bitte. Sie k\u00f6nnen ein spezielles Men\u00fc anfragen (vegetarisch, ohne Gluten, Laktose frei, je nach Allergie). Damit wir dies vorbereiten k\u00f6nnen, informieren Sie uns schon bei Ihrer Reservierung. Denken Sie daran einen H\u00fcttenschlafsack\u00a0mitzubringen. Eine \u00dcbernachtung ohne Halbpension ist m\u00f6glich. Das Zubereiten eigener Speisen in der K\u00fcche ist&hellip;<\/p>\n","protected":false},"author":1,"featured_media":0,"parent":0,"menu_order":0,"comment_status":"closed","ping_status":"closed","template":"","meta":{"_acf_changed":false,"footnotes":""},"class_list":["post-226","page","type-page","status-publish","hentry"],"acf":[],"yoast_head":"<!-- This site is optimized with the Yoast SEO plugin v27.5 - https:\/\/yoast.com\/product\/yoast-seo-wordpress\/ -->\n<title>FAQs - Cabane des Vignettes<\/title>\n<meta name=\"robots\" content=\"index, follow, max-snippet:-1, max-image-preview:large, max-video-preview:-1\" \/>\n<link rel=\"canonical\" href=\"https:\/\/cabane-des-vignettes.ch\/de\/faqs\/\" \/>\n<meta property=\"og:locale\" content=\"de_DE\" \/>\n<meta property=\"og:type\" content=\"article\" \/>\n<meta property=\"og:title\" content=\"FAQs - Cabane des Vignettes\" \/>\n<meta property=\"og:description\" content=\"Vor Ihrem Aufstieg zur H\u00fctte: Reservieren Sie im Voraus bitte. Sie k\u00f6nnen ein spezielles Men\u00fc anfragen (vegetarisch, ohne Gluten, Laktose frei, je nach Allergie). Damit wir dies vorbereiten k\u00f6nnen, informieren Sie uns schon bei Ihrer Reservierung. Denken Sie daran einen H\u00fcttenschlafsack\u00a0mitzubringen. Eine \u00dcbernachtung ohne Halbpension ist m\u00f6glich. Das Zubereiten eigener Speisen in der K\u00fcche ist&hellip;\" \/>\n<meta property=\"og:url\" content=\"https:\/\/cabane-des-vignettes.ch\/de\/faqs\/\" \/>\n<meta property=\"og:site_name\" content=\"Cabane des Vignettes\" \/>\n<meta property=\"article:publisher\" content=\"https:\/\/www.facebook.com\/Cabane-des-Vignettes-104205062176411\" \/>\n<meta property=\"article:modified_time\" content=\"2026-01-13T13:00:24+00:00\" \/>\n<meta name=\"twitter:card\" content=\"summary_large_image\" \/>\n<meta name=\"twitter:label1\" content=\"Gesch\u00e4tzte Lesezeit\" \/>\n\t<meta name=\"twitter:data1\" content=\"2\u00a0Minuten\" \/>\n<script type=\"application\/ld+json\" class=\"yoast-schema-graph\">{\"@context\":\"https:\\\/\\\/schema.org\",\"@graph\":[{\"@type\":\"WebPage\",\"@id\":\"https:\\\/\\\/cabane-des-vignettes.ch\\\/de\\\/faqs\\\/\",\"url\":\"https:\\\/\\\/cabane-des-vignettes.ch\\\/de\\\/faqs\\\/\",\"name\":\"FAQs - Cabane des Vignettes\",\"isPartOf\":{\"@id\":\"https:\\\/\\\/cabane-des-vignettes.ch\\\/de\\\/#website\"},\"datePublished\":\"2022-02-25T16:33:33+00:00\",\"dateModified\":\"2026-01-13T13:00:24+00:00\",\"breadcrumb\":{\"@id\":\"https:\\\/\\\/cabane-des-vignettes.ch\\\/de\\\/faqs\\\/#breadcrumb\"},\"inLanguage\":\"de\",\"potentialAction\":[{\"@type\":\"ReadAction\",\"target\":[\"https:\\\/\\\/cabane-des-vignettes.ch\\\/de\\\/faqs\\\/\"]}]},{\"@type\":\"BreadcrumbList\",\"@id\":\"https:\\\/\\\/cabane-des-vignettes.ch\\\/de\\\/faqs\\\/#breadcrumb\",\"itemListElement\":[{\"@type\":\"ListItem\",\"position\":1,\"name\":\"Home\",\"item\":\"https:\\\/\\\/cabane-des-vignettes.ch\\\/de\\\/\"},{\"@type\":\"ListItem\",\"position\":2,\"name\":\"FAQs\"}]},{\"@type\":\"WebSite\",\"@id\":\"https:\\\/\\\/cabane-des-vignettes.ch\\\/de\\\/#website\",\"url\":\"https:\\\/\\\/cabane-des-vignettes.ch\\\/de\\\/\",\"name\":\"Cabane des Vignettes\",\"description\":\"Swiss mountain hut, at 3157 meters, on the Haute Route between Chamonix and Zermatt\",\"publisher\":{\"@id\":\"https:\\\/\\\/cabane-des-vignettes.ch\\\/de\\\/#organization\"},\"potentialAction\":[{\"@type\":\"SearchAction\",\"target\":{\"@type\":\"EntryPoint\",\"urlTemplate\":\"https:\\\/\\\/cabane-des-vignettes.ch\\\/de\\\/?s={search_term_string}\"},\"query-input\":{\"@type\":\"PropertyValueSpecification\",\"valueRequired\":true,\"valueName\":\"search_term_string\"}}],\"inLanguage\":\"de\"},{\"@type\":\"Organization\",\"@id\":\"https:\\\/\\\/cabane-des-vignettes.ch\\\/de\\\/#organization\",\"name\":\"Cabane des Vignettes\",\"url\":\"https:\\\/\\\/cabane-des-vignettes.ch\\\/de\\\/\",\"logo\":{\"@type\":\"ImageObject\",\"inLanguage\":\"de\",\"@id\":\"https:\\\/\\\/cabane-des-vignettes.ch\\\/de\\\/#\\\/schema\\\/logo\\\/image\\\/\",\"url\":\"https:\\\/\\\/cabane-des-vignettes.ch\\\/wp-content\\\/uploads\\\/2022\\\/02\\\/cdv-logo-color.svg\",\"contentUrl\":\"https:\\\/\\\/cabane-des-vignettes.ch\\\/wp-content\\\/uploads\\\/2022\\\/02\\\/cdv-logo-color.svg\",\"width\":1,\"height\":1,\"caption\":\"Cabane des Vignettes\"},\"image\":{\"@id\":\"https:\\\/\\\/cabane-des-vignettes.ch\\\/de\\\/#\\\/schema\\\/logo\\\/image\\\/\"},\"sameAs\":[\"https:\\\/\\\/www.facebook.com\\\/Cabane-des-Vignettes-104205062176411\",\"https:\\\/\\\/www.instagram.com\\\/cabane_des_vignettes\\\/\"]}]}<\/script>\n<!-- \/ Yoast SEO plugin. -->","yoast_head_json":{"title":"FAQs - Cabane des Vignettes","robots":{"index":"index","follow":"follow","max-snippet":"max-snippet:-1","max-image-preview":"max-image-preview:large","max-video-preview":"max-video-preview:-1"},"canonical":"https:\/\/cabane-des-vignettes.ch\/de\/faqs\/","og_locale":"de_DE","og_type":"article","og_title":"FAQs - Cabane des Vignettes","og_description":"Vor Ihrem Aufstieg zur H\u00fctte: Reservieren Sie im Voraus bitte. Sie k\u00f6nnen ein spezielles Men\u00fc anfragen (vegetarisch, ohne Gluten, Laktose frei, je nach Allergie). Damit wir dies vorbereiten k\u00f6nnen, informieren Sie uns schon bei Ihrer Reservierung. Denken Sie daran einen H\u00fcttenschlafsack\u00a0mitzubringen. Eine \u00dcbernachtung ohne Halbpension ist m\u00f6glich. Das Zubereiten eigener Speisen in der K\u00fcche ist&hellip;","og_url":"https:\/\/cabane-des-vignettes.ch\/de\/faqs\/","og_site_name":"Cabane des Vignettes","article_publisher":"https:\/\/www.facebook.com\/Cabane-des-Vignettes-104205062176411","article_modified_time":"2026-01-13T13:00:24+00:00","twitter_card":"summary_large_image","twitter_misc":{"Gesch\u00e4tzte Lesezeit":"2\u00a0Minuten"},"schema":{"@context":"https:\/\/schema.org","@graph":[{"@type":"WebPage","@id":"https:\/\/cabane-des-vignettes.ch\/de\/faqs\/","url":"https:\/\/cabane-des-vignettes.ch\/de\/faqs\/","name":"FAQs - Cabane des Vignettes","isPartOf":{"@id":"https:\/\/cabane-des-vignettes.ch\/de\/#website"},"datePublished":"2022-02-25T16:33:33+00:00","dateModified":"2026-01-13T13:00:24+00:00","breadcrumb":{"@id":"https:\/\/cabane-des-vignettes.ch\/de\/faqs\/#breadcrumb"},"inLanguage":"de","potentialAction":[{"@type":"ReadAction","target":["https:\/\/cabane-des-vignettes.ch\/de\/faqs\/"]}]},{"@type":"BreadcrumbList","@id":"https:\/\/cabane-des-vignettes.ch\/de\/faqs\/#breadcrumb","itemListElement":[{"@type":"ListItem","position":1,"name":"Home","item":"https:\/\/cabane-des-vignettes.ch\/de\/"},{"@type":"ListItem","position":2,"name":"FAQs"}]},{"@type":"WebSite","@id":"https:\/\/cabane-des-vignettes.ch\/de\/#website","url":"https:\/\/cabane-des-vignettes.ch\/de\/","name":"Cabane des Vignettes","description":"Swiss mountain hut, at 3157 meters, on the Haute Route between Chamonix and Zermatt","publisher":{"@id":"https:\/\/cabane-des-vignettes.ch\/de\/#organization"},"potentialAction":[{"@type":"SearchAction","target":{"@type":"EntryPoint","urlTemplate":"https:\/\/cabane-des-vignettes.ch\/de\/?s={search_term_string}"},"query-input":{"@type":"PropertyValueSpecification","valueRequired":true,"valueName":"search_term_string"}}],"inLanguage":"de"},{"@type":"Organization","@id":"https:\/\/cabane-des-vignettes.ch\/de\/#organization","name":"Cabane des Vignettes","url":"https:\/\/cabane-des-vignettes.ch\/de\/","logo":{"@type":"ImageObject","inLanguage":"de","@id":"https:\/\/cabane-des-vignettes.ch\/de\/#\/schema\/logo\/image\/","url":"https:\/\/cabane-des-vignettes.ch\/wp-content\/uploads\/2022\/02\/cdv-logo-color.svg","contentUrl":"https:\/\/cabane-des-vignettes.ch\/wp-content\/uploads\/2022\/02\/cdv-logo-color.svg","width":1,"height":1,"caption":"Cabane des Vignettes"},"image":{"@id":"https:\/\/cabane-des-vignettes.ch\/de\/#\/schema\/logo\/image\/"},"sameAs":["https:\/\/www.facebook.com\/Cabane-des-Vignettes-104205062176411","https:\/\/www.instagram.com\/cabane_des_vignettes\/"]}]}},"_links":{"self":[{"href":"https:\/\/cabane-des-vignettes.ch\/de\/wp-json\/wp\/v2\/pages\/226","targetHints":{"allow":["GET"]}}],"collection":[{"href":"https:\/\/cabane-des-vignettes.ch\/de\/wp-json\/wp\/v2\/pages"}],"about":[{"href":"https:\/\/cabane-des-vignettes.ch\/de\/wp-json\/wp\/v2\/types\/page"}],"author":[{"embeddable":true,"href":"https:\/\/cabane-des-vignettes.ch\/de\/wp-json\/wp\/v2\/users\/1"}],"replies":[{"embeddable":true,"href":"https:\/\/cabane-des-vignettes.ch\/de\/wp-json\/wp\/v2\/comments?post=226"}],"version-history":[{"count":8,"href":"https:\/\/cabane-des-vignettes.ch\/de\/wp-json\/wp\/v2\/pages\/226\/revisions"}],"predecessor-version":[{"id":672,"href":"https:\/\/cabane-des-vignettes.ch\/de\/wp-json\/wp\/v2\/pages\/226\/revisions\/672"}],"wp:attachment":[{"href":"https:\/\/cabane-des-vignettes.ch\/de\/wp-json\/wp\/v2\/media?parent=226"}],"curies":[{"name":"wp","href":"https:\/\/api.w.org\/{rel}","templated":true}]}}