{"id":254,"date":"2022-02-25T16:32:46","date_gmt":"2022-02-25T16:32:46","guid":{"rendered":"http:\/\/cabanedesvignettes.test\/acces-et-courses\/"},"modified":"2022-07-01T08:37:03","modified_gmt":"2022-07-01T08:37:03","slug":"acces-et-courses","status":"publish","type":"page","link":"https:\/\/cabane-des-vignettes.ch\/fr\/acces-et-courses\/","title":{"rendered":"Acc\u00e8s et Courses"},"content":{"rendered":"\n\n\t<p>Au coeur des Alpes valaisannes, la cabane des Vignettes est situ\u00e9e \u00e0 3157 m\u00e8tres d&rsquo;altitude, dans le Val d&rsquo;H\u00e9rens, au dessus du charmant village d&rsquo;Arolla. Elle est propri\u00e9t\u00e9 de la section <a href=\"https:\/\/www.section-monte-rosa.ch\/fr\/cabanes\/cabane-des-vignettes\" target=\"_blank\" rel=\"noopener\">Monte-Rosa du Club Alpin Suisse<\/a>. Depuis la cabane, contemplez la vue \u00e9poustouflante sur les Glaciers d&rsquo;Otemma et du Mont Collon, sur le Pigne d&rsquo;Arolla, le Mont Collon ou encore L&rsquo;Ev\u00eaque !<\/p>\n\t<h3>\n\t\t\t\tAcc\u00e8s\n\t\t\t<\/h3>\n\t\t\t<p><strong>Cartes :<\/strong>1347 Matterhorn (1:25&rsquo;000) ou 283 Arolla (1:50000)<strong><br \/>Depuis Arolla<\/strong>Par la raide moraine s\u00e9parant les bassins du Glacier de Pi\u00e8ce et de Tsijiore Nouve, jusqu&rsquo;au point marqu\u00e9 2571 m\u00e8tres sur la carte. De l\u00e0, longer la rive droite du Glacier de Pi\u00e8ce (= \u00e0 gauche en montant). La cabane se trouve \u00e0 l&rsquo;est du col des Vignettes. Comptez 3 \u00e0 4 heures depuis Arolla.<strong><br \/>Depuis la cabane des Dix, par le Pigne d&rsquo;Arolla.<\/strong>Vous pouvez consulter la page d\u00e9di\u00e9e sur <a href=\"https:\/\/www.camptocamp.org\/routes\/48072\/fr\/pigne-d-arolla-traversee-cabane-des-dix-cabane-desvignettes\" target=\"_blank\" rel=\"noopener\">Camptocamp<\/a> pour une description compl\u00e8te.<br \/>Notez qu&rsquo;en cas de mauvais temps, il est pr\u00e9f\u00e9rable de faire la travers\u00e9e cabane des Dix \u00e0 la cabane des Vignettes par le Pas de Ch\u00e8vre et de remonter aux Vignettes par le Glacier de Pi\u00e8ce !<strong><br \/>Depuis la cabane Chanrion.<\/strong><br \/>-&gt; En hiver : vous pouvez consulter la page d\u00e9di\u00e9e sur<a href=\"https:\/\/www.camptocamp.org\/routes\/49286\/fr\/pigne-d-arolla-traversee-cabane-de-chanrion-cabane-des-vignettes-par-leglacier-du-breney\" target=\"_blank\" rel=\"noopener\">Camptocamp<\/a> pour une description compl\u00e8te. Une variante plus alpine est possible, par les Portons. Une variante plus plate est \u00e9galement possible par le Glacier d&rsquo;Otemma.<br \/>-&gt; En \u00e9t\u00e9 : acc\u00e8s surtout par le Glacier d&rsquo;Otemma.\u00a0Tous les acc\u00e8s \u00e0 la cabane des Vignettes se font sur du terrain glaciaire ; il faut par cons\u00e9quent un \u00e9quipement adapt\u00e9. Vous <a href=\"https:\/\/www.camptocamp.org\/articles\/185750\/fr\/le-contenu-du-sac-alpinisme-neige-glace-mixte-de-f-a-pd-\" target=\"_blank\" rel=\"noopener\">trouvez ici<\/a> une liste type du mat\u00e9riel conseill\u00e9.\u00a0N&rsquo;h\u00e9sitez pas \u00e0 suivre notre page <a href=\"https:\/\/www.facebook.com\/Cabane-des-Vignettes-104205062176411\" target=\"_blank\" rel=\"noopener\">Facebook<\/a> ou <a href=\"https:\/\/www.instagram.com\/cabane_des_vignettes\/\" target=\"_blank\" rel=\"noopener\">Instagram<\/a> pour rester au courant des conditions actuelles en montagne, des retours de courses et de nos programmes encadr\u00e9s pour d\u00e9couvrir la haute montagne !<\/p>\t\n\t<iframe loading=\"lazy\" src=\"https:\/\/map.geo.admin.ch\/embed.html?lang=en&amp;topic=ech&amp;bgLayer=ch.swisstopo.pixelkarte-farbe&amp;layers=ch.swisstopo.zeitreihen,ch.bfs.gebaeude_wohnungs_register,ch.bav.haltestellen-oev,ch.swisstopo.swisstlm3d-wanderwege,ch.astra.wanderland-sperrungen_umleitungen,KML%7C%7Chttps:%2F%2Fpublic.geo.admin.ch%2FZvb1BchTTzWvs3qrnlmwig&amp;layers_opacity=1,1,1,0.8,0.8,1&amp;layers_visibility=false,false,false,false,false,true&amp;layers_timestamp=18641231,,,,,&amp;E=2602320.86&amp;N=1094805.68&amp;zoom=6\" width=\"100%\" height=\"500\" frameborder=\"0\"><\/iframe>\n\t<p>Vous pouvez consulter la carte topographique &lsquo;Swisstopo&rsquo; en ligne sur le site de la Conf\u00e9d\u00e9ration suisse : <a href=\"https:\/\/s.geo.admin.ch\/95d7a712ca\" target=\"_blank\" rel=\"noopener\">https:\/\/ s.geo.admin.ch\/95d7a712ca<\/a><\/p>\n\t<h3>\n\t\t\t\tCourses\n\t\t\t<\/h3>\n\t\t\t<p><strong>Quelques id\u00e9es de courses depuis la cabane en hiver<\/strong><ul><li>Le Pigne d&rsquo;Arolla<\/li><li>Les Pointes d&rsquo;Oren<\/li><li>L&rsquo;Ev\u00eaque<\/li><li>Le Petit Mont Collon<\/li><li>Le tour du Mont Collon<\/li><li>L&rsquo;Aouille Tseuque<\/li><li>Le bivouac de l&rsquo;Aiguillette \u00e0 La Singla<\/li><li>Cabane de Bertol via le col de l&rsquo;Ev\u00eaque<\/li><li>Cabane de Chanrion via le col de Charmotane<\/li><li>Zermatt via les cols de l&rsquo;Ev\u00eaque, du Mont Brul\u00e9 et de Valpelline<\/li><\/ul><strong><br \/>Quelques id\u00e9es de courses depuis la cabane en \u00e9t\u00e9<\/strong><ul><li>Le Mont Collon par la voie normale<\/li><li>L&rsquo;Ev\u00eaque par la voie normale ou par l&rsquo;ar\u00eate rocheuse SW<\/li><li>La Travers\u00e9e Pigne d&rsquo;Arolla &#8211; Mont Blanc de Cheilon &#8211; Cabane des Dix<\/li><li>Cabane des Dix via le Pigne d&rsquo;Arolla et le col de la Serpentine<\/li><li>Le tour du Mont Collon<\/li><li>Refuge des Bouquetins via le col de l&rsquo;Ev\u00eaque<\/li><\/ul><br \/>Consultez aussi la page d\u00e9di\u00e9e aux courses depuis les Vignettes sur <a href=\"https:\/\/www.camptocamp.org\/waypoints\/112879\/fr\/cabane-des-vignettes\" target=\"_blank\" rel=\"noopener\">Camptocamp<\/a>.<\/p>\t\n\n","protected":false},"excerpt":{"rendered":"<p>Au coeur des Alpes valaisannes, la cabane des Vignettes est situ\u00e9e \u00e0 3157 m\u00e8tres d&rsquo;altitude, dans le Val d&rsquo;H\u00e9rens, au dessus du charmant village d&rsquo;Arolla. Elle est propri\u00e9t\u00e9 de la section Monte-Rosa du Club Alpin Suisse. Depuis la cabane, contemplez la vue \u00e9poustouflante sur les Glaciers d&rsquo;Otemma et du Mont Collon, sur le Pigne d&rsquo;Arolla,&hellip;<\/p>\n","protected":false},"author":1,"featured_media":0,"parent":0,"menu_order":0,"comment_status":"closed","ping_status":"closed","template":"","meta":{"_acf_changed":false,"footnotes":""},"class_list":["post-254","page","type-page","status-publish","hentry"],"acf":[],"yoast_head":"<!-- This site is optimized with the Yoast SEO plugin v27.6 - https:\/\/yoast.com\/product\/yoast-seo-wordpress\/ -->\n<title>Acc\u00e8s et Courses - Cabane des Vignettes<\/title>\n<meta name=\"robots\" content=\"index, follow, max-snippet:-1, max-image-preview:large, max-video-preview:-1\" \/>\n<link rel=\"canonical\" href=\"https:\/\/cabane-des-vignettes.ch\/fr\/acces-et-courses\/\" \/>\n<meta property=\"og:locale\" content=\"fr_FR\" \/>\n<meta property=\"og:type\" content=\"article\" \/>\n<meta property=\"og:title\" content=\"Acc\u00e8s et Courses - Cabane des Vignettes\" \/>\n<meta property=\"og:description\" content=\"Au coeur des Alpes valaisannes, la cabane des Vignettes est situ\u00e9e \u00e0 3157 m\u00e8tres d&rsquo;altitude, dans le Val d&rsquo;H\u00e9rens, au dessus du charmant village d&rsquo;Arolla. Elle est propri\u00e9t\u00e9 de la section Monte-Rosa du Club Alpin Suisse. Depuis la cabane, contemplez la vue \u00e9poustouflante sur les Glaciers d&rsquo;Otemma et du Mont Collon, sur le Pigne d&rsquo;Arolla,&hellip;\" \/>\n<meta property=\"og:url\" content=\"https:\/\/cabane-des-vignettes.ch\/fr\/acces-et-courses\/\" \/>\n<meta property=\"og:site_name\" content=\"Cabane des Vignettes\" \/>\n<meta property=\"article:publisher\" content=\"https:\/\/www.facebook.com\/Cabane-des-Vignettes-104205062176411\" \/>\n<meta property=\"article:modified_time\" content=\"2022-07-01T08:37:03+00:00\" \/>\n<meta name=\"twitter:card\" content=\"summary_large_image\" \/>\n<meta name=\"twitter:label1\" content=\"Dur\u00e9e de lecture estim\u00e9e\" \/>\n\t<meta name=\"twitter:data1\" content=\"3 minutes\" \/>\n<script type=\"application\/ld+json\" class=\"yoast-schema-graph\">{\"@context\":\"https:\\\/\\\/schema.org\",\"@graph\":[{\"@type\":\"WebPage\",\"@id\":\"https:\\\/\\\/cabane-des-vignettes.ch\\\/fr\\\/acces-et-courses\\\/\",\"url\":\"https:\\\/\\\/cabane-des-vignettes.ch\\\/fr\\\/acces-et-courses\\\/\",\"name\":\"Acc\u00e8s et Courses - Cabane des Vignettes\",\"isPartOf\":{\"@id\":\"https:\\\/\\\/cabane-des-vignettes.ch\\\/fr\\\/#website\"},\"datePublished\":\"2022-02-25T16:32:46+00:00\",\"dateModified\":\"2022-07-01T08:37:03+00:00\",\"breadcrumb\":{\"@id\":\"https:\\\/\\\/cabane-des-vignettes.ch\\\/fr\\\/acces-et-courses\\\/#breadcrumb\"},\"inLanguage\":\"fr-FR\",\"potentialAction\":[{\"@type\":\"ReadAction\",\"target\":[\"https:\\\/\\\/cabane-des-vignettes.ch\\\/fr\\\/acces-et-courses\\\/\"]}]},{\"@type\":\"BreadcrumbList\",\"@id\":\"https:\\\/\\\/cabane-des-vignettes.ch\\\/fr\\\/acces-et-courses\\\/#breadcrumb\",\"itemListElement\":[{\"@type\":\"ListItem\",\"position\":1,\"name\":\"Home\",\"item\":\"https:\\\/\\\/cabane-des-vignettes.ch\\\/fr\\\/\"},{\"@type\":\"ListItem\",\"position\":2,\"name\":\"Acc\u00e8s et Courses\"}]},{\"@type\":\"WebSite\",\"@id\":\"https:\\\/\\\/cabane-des-vignettes.ch\\\/fr\\\/#website\",\"url\":\"https:\\\/\\\/cabane-des-vignettes.ch\\\/fr\\\/\",\"name\":\"Cabane des Vignettes\",\"description\":\"Swiss mountain hut, at 3157 meters, on the Haute Route between Chamonix and Zermatt\",\"publisher\":{\"@id\":\"https:\\\/\\\/cabane-des-vignettes.ch\\\/fr\\\/#organization\"},\"potentialAction\":[{\"@type\":\"SearchAction\",\"target\":{\"@type\":\"EntryPoint\",\"urlTemplate\":\"https:\\\/\\\/cabane-des-vignettes.ch\\\/fr\\\/?s={search_term_string}\"},\"query-input\":{\"@type\":\"PropertyValueSpecification\",\"valueRequired\":true,\"valueName\":\"search_term_string\"}}],\"inLanguage\":\"fr-FR\"},{\"@type\":\"Organization\",\"@id\":\"https:\\\/\\\/cabane-des-vignettes.ch\\\/fr\\\/#organization\",\"name\":\"Cabane des Vignettes\",\"url\":\"https:\\\/\\\/cabane-des-vignettes.ch\\\/fr\\\/\",\"logo\":{\"@type\":\"ImageObject\",\"inLanguage\":\"fr-FR\",\"@id\":\"https:\\\/\\\/cabane-des-vignettes.ch\\\/fr\\\/#\\\/schema\\\/logo\\\/image\\\/\",\"url\":\"https:\\\/\\\/cabane-des-vignettes.ch\\\/wp-content\\\/uploads\\\/2022\\\/02\\\/cdv-logo-color.svg\",\"contentUrl\":\"https:\\\/\\\/cabane-des-vignettes.ch\\\/wp-content\\\/uploads\\\/2022\\\/02\\\/cdv-logo-color.svg\",\"width\":1,\"height\":1,\"caption\":\"Cabane des Vignettes\"},\"image\":{\"@id\":\"https:\\\/\\\/cabane-des-vignettes.ch\\\/fr\\\/#\\\/schema\\\/logo\\\/image\\\/\"},\"sameAs\":[\"https:\\\/\\\/www.facebook.com\\\/Cabane-des-Vignettes-104205062176411\",\"https:\\\/\\\/www.instagram.com\\\/cabane_des_vignettes\\\/\"]}]}<\/script>\n<!-- \/ Yoast SEO plugin. -->","yoast_head_json":{"title":"Acc\u00e8s et Courses - Cabane des Vignettes","robots":{"index":"index","follow":"follow","max-snippet":"max-snippet:-1","max-image-preview":"max-image-preview:large","max-video-preview":"max-video-preview:-1"},"canonical":"https:\/\/cabane-des-vignettes.ch\/fr\/acces-et-courses\/","og_locale":"fr_FR","og_type":"article","og_title":"Acc\u00e8s et Courses - Cabane des Vignettes","og_description":"Au coeur des Alpes valaisannes, la cabane des Vignettes est situ\u00e9e \u00e0 3157 m\u00e8tres d&rsquo;altitude, dans le Val d&rsquo;H\u00e9rens, au dessus du charmant village d&rsquo;Arolla. Elle est propri\u00e9t\u00e9 de la section Monte-Rosa du Club Alpin Suisse. Depuis la cabane, contemplez la vue \u00e9poustouflante sur les Glaciers d&rsquo;Otemma et du Mont Collon, sur le Pigne d&rsquo;Arolla,&hellip;","og_url":"https:\/\/cabane-des-vignettes.ch\/fr\/acces-et-courses\/","og_site_name":"Cabane des Vignettes","article_publisher":"https:\/\/www.facebook.com\/Cabane-des-Vignettes-104205062176411","article_modified_time":"2022-07-01T08:37:03+00:00","twitter_card":"summary_large_image","twitter_misc":{"Dur\u00e9e de lecture estim\u00e9e":"3 minutes"},"schema":{"@context":"https:\/\/schema.org","@graph":[{"@type":"WebPage","@id":"https:\/\/cabane-des-vignettes.ch\/fr\/acces-et-courses\/","url":"https:\/\/cabane-des-vignettes.ch\/fr\/acces-et-courses\/","name":"Acc\u00e8s et Courses - Cabane des Vignettes","isPartOf":{"@id":"https:\/\/cabane-des-vignettes.ch\/fr\/#website"},"datePublished":"2022-02-25T16:32:46+00:00","dateModified":"2022-07-01T08:37:03+00:00","breadcrumb":{"@id":"https:\/\/cabane-des-vignettes.ch\/fr\/acces-et-courses\/#breadcrumb"},"inLanguage":"fr-FR","potentialAction":[{"@type":"ReadAction","target":["https:\/\/cabane-des-vignettes.ch\/fr\/acces-et-courses\/"]}]},{"@type":"BreadcrumbList","@id":"https:\/\/cabane-des-vignettes.ch\/fr\/acces-et-courses\/#breadcrumb","itemListElement":[{"@type":"ListItem","position":1,"name":"Home","item":"https:\/\/cabane-des-vignettes.ch\/fr\/"},{"@type":"ListItem","position":2,"name":"Acc\u00e8s et Courses"}]},{"@type":"WebSite","@id":"https:\/\/cabane-des-vignettes.ch\/fr\/#website","url":"https:\/\/cabane-des-vignettes.ch\/fr\/","name":"Cabane des Vignettes","description":"Swiss mountain hut, at 3157 meters, on the Haute Route between Chamonix and Zermatt","publisher":{"@id":"https:\/\/cabane-des-vignettes.ch\/fr\/#organization"},"potentialAction":[{"@type":"SearchAction","target":{"@type":"EntryPoint","urlTemplate":"https:\/\/cabane-des-vignettes.ch\/fr\/?s={search_term_string}"},"query-input":{"@type":"PropertyValueSpecification","valueRequired":true,"valueName":"search_term_string"}}],"inLanguage":"fr-FR"},{"@type":"Organization","@id":"https:\/\/cabane-des-vignettes.ch\/fr\/#organization","name":"Cabane des Vignettes","url":"https:\/\/cabane-des-vignettes.ch\/fr\/","logo":{"@type":"ImageObject","inLanguage":"fr-FR","@id":"https:\/\/cabane-des-vignettes.ch\/fr\/#\/schema\/logo\/image\/","url":"https:\/\/cabane-des-vignettes.ch\/wp-content\/uploads\/2022\/02\/cdv-logo-color.svg","contentUrl":"https:\/\/cabane-des-vignettes.ch\/wp-content\/uploads\/2022\/02\/cdv-logo-color.svg","width":1,"height":1,"caption":"Cabane des Vignettes"},"image":{"@id":"https:\/\/cabane-des-vignettes.ch\/fr\/#\/schema\/logo\/image\/"},"sameAs":["https:\/\/www.facebook.com\/Cabane-des-Vignettes-104205062176411","https:\/\/www.instagram.com\/cabane_des_vignettes\/"]}]}},"_links":{"self":[{"href":"https:\/\/cabane-des-vignettes.ch\/fr\/wp-json\/wp\/v2\/pages\/254","targetHints":{"allow":["GET"]}}],"collection":[{"href":"https:\/\/cabane-des-vignettes.ch\/fr\/wp-json\/wp\/v2\/pages"}],"about":[{"href":"https:\/\/cabane-des-vignettes.ch\/fr\/wp-json\/wp\/v2\/types\/page"}],"author":[{"embeddable":true,"href":"https:\/\/cabane-des-vignettes.ch\/fr\/wp-json\/wp\/v2\/users\/1"}],"replies":[{"embeddable":true,"href":"https:\/\/cabane-des-vignettes.ch\/fr\/wp-json\/wp\/v2\/comments?post=254"}],"version-history":[{"count":8,"href":"https:\/\/cabane-des-vignettes.ch\/fr\/wp-json\/wp\/v2\/pages\/254\/revisions"}],"predecessor-version":[{"id":406,"href":"https:\/\/cabane-des-vignettes.ch\/fr\/wp-json\/wp\/v2\/pages\/254\/revisions\/406"}],"wp:attachment":[{"href":"https:\/\/cabane-des-vignettes.ch\/fr\/wp-json\/wp\/v2\/media?parent=254"}],"curies":[{"name":"wp","href":"https:\/\/api.w.org\/{rel}","templated":true}]}}