{"id":260,"date":"2022-02-25T16:33:33","date_gmt":"2022-02-25T16:33:33","guid":{"rendered":"http:\/\/cabanedesvignettes.test\/infos-a-savoir\/"},"modified":"2026-01-13T12:58:11","modified_gmt":"2026-01-13T12:58:11","slug":"faqs","status":"publish","type":"page","link":"https:\/\/cabane-des-vignettes.ch\/fr\/faqs\/","title":{"rendered":"FAQs"},"content":{"rendered":"\n\n\t<p>Avant de venir :<\/p>\n<ul>\n<li>Pensez \u00e0 <strong>r\u00e9server<\/strong> ; on ne voudrait pas vous faire dormir sur le palier.<\/li>\n<li>Il y a la possibilit\u00e9 de demander un <strong>menu adapt\u00e9<\/strong> (v\u00e9g\u00e9tarien, sans lactose, sans gluten, allergie). Pour que nous ayons le temps de pr\u00e9voir, pr\u00e9cisez-le bien lors de votre r\u00e9servation.<\/li>\n<li>Emportez avec vous votre <strong>sac \u00e0 viande<\/strong> pour dormir.<\/li>\n<li>Une nuit\u00e9e sans demi-pension peut \u00eatre demand\u00e9e, mais malheureusement il n&rsquo;y a pas de possibilit\u00e9 de cuisiner soi-m\u00eame dans la cabane.<\/li>\n<\/ul>\n<strong><br \/>\n<\/strong>\u00c0 la cabane :\n<ul>\n<li><strong>Check-in de 11h \u00e0 17h30.<\/strong> Merci de pr\u00e9senter spontan\u00e9ment vos cartes de membre de club alpin et de guide pour b\u00e9n\u00e9ficier du tarif pr\u00e9f\u00e9rentiel.<\/li>\n<li><strong>Repas du soir \u00e0 18h30<\/strong> &#8211; Petit d\u00e9jeuner en fonction de la saison et des conditions en montagne.<\/li>\n<li>Nous proposons <strong>un pique-nique<\/strong> \u00e0 CHF 16.-. Commande possible le jour m\u00eame jusqu&rsquo;\u00e0 16h00.<\/li>\n<li>Nous pr\u00e9f\u00e9rons les <strong>paiements<\/strong> en esp\u00e8ces, mais nous acceptons \u00e9galement les cartes bancaires. Veuillez faire un paiement par cord\u00e9e (une facture par cord\u00e9e = une carte bancaire). Le paiement sur facture n&rsquo;est possible que dans des cas exceptionnels et apr\u00e8s notre accord.<\/li>\n<li><strong>Nous sommes une cabane de haute montagne<\/strong>, et il en suit : pas d&rsquo;\u00e9lectricit\u00e9 pour les clients, pas d&rsquo;eau potable (que de la neige fondue&#8230;), pas d&rsquo;eau de robinet en hiver. Vous avez la possibilit\u00e9 d&rsquo;acheter de l&rsquo;eau en bouteille, ou de l&rsquo;eau bouillie. Pour <strong>charger vos appareils \u00e9lectroniques<\/strong>, en cas de beau temps, vous pouvez charger gratuitement votre appareil jusqu&rsquo;\u00e0 18h. Le soir ou en cas de mauvais temps, nous demandons une participation de CHF 2.- par charge (le groupe \u00e9lectrog\u00e8ne fonctionne au gasoil qui a \u00e9t\u00e9 mont\u00e9 en h\u00e9licopt\u00e8re. L&rsquo;\u00e9lectricit\u00e9 en montagne est un vrai produit de luxe&#8230;). Pour des raisons de s\u00e9curit\u00e9, nous chargeons gratuitement un t\u00e9l\u00e9phone portable par cord\u00e9e par mauvais temps.<\/li>\n<li>Rapportez <strong>vos d\u00e9chets en plaine<\/strong>.<\/li>\n<\/ul>\n<strong><br \/>\n<\/strong>Pour modifier ou annuler votre r\u00e9servation :\n<ul>\n<li>Toute annulation ou tout changement de r\u00e9servation est \u00e0 e\ufb00ectuer directement dans le syst\u00e8me de r\u00e9servation. <strong>Si vous \u00eates d\u00e9j\u00e0 en route, appelez-nous pour modifier ou annuler.<\/strong><\/li>\n<li>Selon les conditions g\u00e9n\u00e9rales de la cabane des Vignettes CAS, <strong>l&rsquo;annulation ou la modification de la r\u00e9servation<\/strong> est possible sans frais jusqu&rsquo;\u00e0 2 jours avant la date r\u00e9serv\u00e9e et avant 18h. Pass\u00e9 ce d\u00e9lai, une taxe sera factur\u00e9e. Les tarifs sont les suivants :<br \/>\n&#8211; Jusqu&rsquo;\u00e0 2 jours avant d&rsquo;arriver, avant 18 heures : <strong>gratuit<\/strong><br \/>\n&#8211;\u00a0Moins que 2 jours avant d&rsquo;arriver (&gt;18h) : <strong>CHF 55.-<\/strong> par personne et par nuit<br \/>\n&#8211; No show : <strong>CHF 79.-<\/strong> par personne et par nuit<\/li>\n<\/ul>\n<p>Si vous avez d&rsquo;autres questions, n&rsquo;h\u00e9sitez pas \u00e0 nous contacter, nous vous renseignons avec plaisir. Vous trouverez nos informations de contact en bas de cette page.<\/p>\n<strong><br \/>\nLiens utiles<\/strong>\n<ul>\n<li>Service de bus Sion-Arolla ou Arolla-Sion : <a href=\"https:\/\/www.postauto.ch\/fr\/horaire\" target=\"_blank\" rel=\"noopener\">postauto.ch<\/a><\/li>\n<li>Magasin de sport \u00e0 Arolla, Bournissen Sports : <a href=\"https:\/\/www.bournissensports.ch\/site\/index.php\" target=\"_blank\" rel=\"noopener\">bournissensports.ch<\/a><\/li>\n<li>Bulletin d&rsquo;avalanches et situation nivologique : <a href=\"https:\/\/www.slf.ch\/fr\/index.html\" target=\"_blank\" rel=\"noopener\">slf.ch<\/a><\/li>\n<li>M\u00e9t\u00e9o Cabane des Vignettes : <a href=\"https:\/\/www.meteoblue.com\/fr\/meteo\/semaine\/pointe-desvignettes_suisse_6931691\" target=\"_blank\" rel=\"noopener\">meteoblue.com<\/a><\/li>\n<li>Secours en montagne : <a href=\"http:\/\/www.ocvs.ch\/\" target=\"_blank\" rel=\"noopener\">ocvs.ch<\/a><\/li>\n<li>Evol\u00e8ne Tourisme : <a href=\"http:\/\/www.evolene-region.ch\/\" target=\"_blank\" rel=\"noopener\">evolene-region.ch<\/a><\/li>\n<\/ul>\n<p>Num\u00e9ro de t\u00e9l\u00e9phone du secours en montagne : <a href=\"tel:144\"><strong>144<\/strong><\/a><\/p>\n\n","protected":false},"excerpt":{"rendered":"<p>Avant de venir : Pensez \u00e0 r\u00e9server ; on ne voudrait pas vous faire dormir sur le palier. Il y a la possibilit\u00e9 de demander un menu adapt\u00e9 (v\u00e9g\u00e9tarien, sans lactose, sans gluten, allergie). Pour que nous ayons le temps de pr\u00e9voir, pr\u00e9cisez-le bien lors de votre r\u00e9servation. Emportez avec vous votre sac \u00e0 viande&hellip;<\/p>\n","protected":false},"author":1,"featured_media":0,"parent":0,"menu_order":0,"comment_status":"closed","ping_status":"closed","template":"","meta":{"_acf_changed":false,"footnotes":""},"class_list":["post-260","page","type-page","status-publish","hentry"],"acf":[],"yoast_head":"<!-- This site is optimized with the Yoast SEO plugin v27.5 - https:\/\/yoast.com\/product\/yoast-seo-wordpress\/ -->\n<title>FAQs - Cabane des Vignettes<\/title>\n<meta name=\"robots\" content=\"index, follow, max-snippet:-1, max-image-preview:large, max-video-preview:-1\" \/>\n<link rel=\"canonical\" href=\"https:\/\/cabane-des-vignettes.ch\/fr\/faqs\/\" \/>\n<meta property=\"og:locale\" content=\"fr_FR\" \/>\n<meta property=\"og:type\" content=\"article\" \/>\n<meta property=\"og:title\" content=\"FAQs - Cabane des Vignettes\" \/>\n<meta property=\"og:description\" content=\"Avant de venir : Pensez \u00e0 r\u00e9server ; on ne voudrait pas vous faire dormir sur le palier. Il y a la possibilit\u00e9 de demander un menu adapt\u00e9 (v\u00e9g\u00e9tarien, sans lactose, sans gluten, allergie). Pour que nous ayons le temps de pr\u00e9voir, pr\u00e9cisez-le bien lors de votre r\u00e9servation. Emportez avec vous votre sac \u00e0 viande&hellip;\" \/>\n<meta property=\"og:url\" content=\"https:\/\/cabane-des-vignettes.ch\/fr\/faqs\/\" \/>\n<meta property=\"og:site_name\" content=\"Cabane des Vignettes\" \/>\n<meta property=\"article:publisher\" content=\"https:\/\/www.facebook.com\/Cabane-des-Vignettes-104205062176411\" \/>\n<meta property=\"article:modified_time\" content=\"2026-01-13T12:58:11+00:00\" \/>\n<meta name=\"twitter:card\" content=\"summary_large_image\" \/>\n<meta name=\"twitter:label1\" content=\"Dur\u00e9e de lecture estim\u00e9e\" \/>\n\t<meta name=\"twitter:data1\" content=\"3 minutes\" \/>\n<script type=\"application\/ld+json\" class=\"yoast-schema-graph\">{\"@context\":\"https:\\\/\\\/schema.org\",\"@graph\":[{\"@type\":\"WebPage\",\"@id\":\"https:\\\/\\\/cabane-des-vignettes.ch\\\/fr\\\/faqs\\\/\",\"url\":\"https:\\\/\\\/cabane-des-vignettes.ch\\\/fr\\\/faqs\\\/\",\"name\":\"FAQs - Cabane des Vignettes\",\"isPartOf\":{\"@id\":\"https:\\\/\\\/cabane-des-vignettes.ch\\\/fr\\\/#website\"},\"datePublished\":\"2022-02-25T16:33:33+00:00\",\"dateModified\":\"2026-01-13T12:58:11+00:00\",\"breadcrumb\":{\"@id\":\"https:\\\/\\\/cabane-des-vignettes.ch\\\/fr\\\/faqs\\\/#breadcrumb\"},\"inLanguage\":\"fr-FR\",\"potentialAction\":[{\"@type\":\"ReadAction\",\"target\":[\"https:\\\/\\\/cabane-des-vignettes.ch\\\/fr\\\/faqs\\\/\"]}]},{\"@type\":\"BreadcrumbList\",\"@id\":\"https:\\\/\\\/cabane-des-vignettes.ch\\\/fr\\\/faqs\\\/#breadcrumb\",\"itemListElement\":[{\"@type\":\"ListItem\",\"position\":1,\"name\":\"Home\",\"item\":\"https:\\\/\\\/cabane-des-vignettes.ch\\\/fr\\\/\"},{\"@type\":\"ListItem\",\"position\":2,\"name\":\"FAQs\"}]},{\"@type\":\"WebSite\",\"@id\":\"https:\\\/\\\/cabane-des-vignettes.ch\\\/fr\\\/#website\",\"url\":\"https:\\\/\\\/cabane-des-vignettes.ch\\\/fr\\\/\",\"name\":\"Cabane des Vignettes\",\"description\":\"Swiss mountain hut, at 3157 meters, on the Haute Route between Chamonix and Zermatt\",\"publisher\":{\"@id\":\"https:\\\/\\\/cabane-des-vignettes.ch\\\/fr\\\/#organization\"},\"potentialAction\":[{\"@type\":\"SearchAction\",\"target\":{\"@type\":\"EntryPoint\",\"urlTemplate\":\"https:\\\/\\\/cabane-des-vignettes.ch\\\/fr\\\/?s={search_term_string}\"},\"query-input\":{\"@type\":\"PropertyValueSpecification\",\"valueRequired\":true,\"valueName\":\"search_term_string\"}}],\"inLanguage\":\"fr-FR\"},{\"@type\":\"Organization\",\"@id\":\"https:\\\/\\\/cabane-des-vignettes.ch\\\/fr\\\/#organization\",\"name\":\"Cabane des Vignettes\",\"url\":\"https:\\\/\\\/cabane-des-vignettes.ch\\\/fr\\\/\",\"logo\":{\"@type\":\"ImageObject\",\"inLanguage\":\"fr-FR\",\"@id\":\"https:\\\/\\\/cabane-des-vignettes.ch\\\/fr\\\/#\\\/schema\\\/logo\\\/image\\\/\",\"url\":\"https:\\\/\\\/cabane-des-vignettes.ch\\\/wp-content\\\/uploads\\\/2022\\\/02\\\/cdv-logo-color.svg\",\"contentUrl\":\"https:\\\/\\\/cabane-des-vignettes.ch\\\/wp-content\\\/uploads\\\/2022\\\/02\\\/cdv-logo-color.svg\",\"width\":1,\"height\":1,\"caption\":\"Cabane des Vignettes\"},\"image\":{\"@id\":\"https:\\\/\\\/cabane-des-vignettes.ch\\\/fr\\\/#\\\/schema\\\/logo\\\/image\\\/\"},\"sameAs\":[\"https:\\\/\\\/www.facebook.com\\\/Cabane-des-Vignettes-104205062176411\",\"https:\\\/\\\/www.instagram.com\\\/cabane_des_vignettes\\\/\"]}]}<\/script>\n<!-- \/ Yoast SEO plugin. -->","yoast_head_json":{"title":"FAQs - Cabane des Vignettes","robots":{"index":"index","follow":"follow","max-snippet":"max-snippet:-1","max-image-preview":"max-image-preview:large","max-video-preview":"max-video-preview:-1"},"canonical":"https:\/\/cabane-des-vignettes.ch\/fr\/faqs\/","og_locale":"fr_FR","og_type":"article","og_title":"FAQs - Cabane des Vignettes","og_description":"Avant de venir : Pensez \u00e0 r\u00e9server ; on ne voudrait pas vous faire dormir sur le palier. Il y a la possibilit\u00e9 de demander un menu adapt\u00e9 (v\u00e9g\u00e9tarien, sans lactose, sans gluten, allergie). Pour que nous ayons le temps de pr\u00e9voir, pr\u00e9cisez-le bien lors de votre r\u00e9servation. Emportez avec vous votre sac \u00e0 viande&hellip;","og_url":"https:\/\/cabane-des-vignettes.ch\/fr\/faqs\/","og_site_name":"Cabane des Vignettes","article_publisher":"https:\/\/www.facebook.com\/Cabane-des-Vignettes-104205062176411","article_modified_time":"2026-01-13T12:58:11+00:00","twitter_card":"summary_large_image","twitter_misc":{"Dur\u00e9e de lecture estim\u00e9e":"3 minutes"},"schema":{"@context":"https:\/\/schema.org","@graph":[{"@type":"WebPage","@id":"https:\/\/cabane-des-vignettes.ch\/fr\/faqs\/","url":"https:\/\/cabane-des-vignettes.ch\/fr\/faqs\/","name":"FAQs - Cabane des Vignettes","isPartOf":{"@id":"https:\/\/cabane-des-vignettes.ch\/fr\/#website"},"datePublished":"2022-02-25T16:33:33+00:00","dateModified":"2026-01-13T12:58:11+00:00","breadcrumb":{"@id":"https:\/\/cabane-des-vignettes.ch\/fr\/faqs\/#breadcrumb"},"inLanguage":"fr-FR","potentialAction":[{"@type":"ReadAction","target":["https:\/\/cabane-des-vignettes.ch\/fr\/faqs\/"]}]},{"@type":"BreadcrumbList","@id":"https:\/\/cabane-des-vignettes.ch\/fr\/faqs\/#breadcrumb","itemListElement":[{"@type":"ListItem","position":1,"name":"Home","item":"https:\/\/cabane-des-vignettes.ch\/fr\/"},{"@type":"ListItem","position":2,"name":"FAQs"}]},{"@type":"WebSite","@id":"https:\/\/cabane-des-vignettes.ch\/fr\/#website","url":"https:\/\/cabane-des-vignettes.ch\/fr\/","name":"Cabane des Vignettes","description":"Swiss mountain hut, at 3157 meters, on the Haute Route between Chamonix and Zermatt","publisher":{"@id":"https:\/\/cabane-des-vignettes.ch\/fr\/#organization"},"potentialAction":[{"@type":"SearchAction","target":{"@type":"EntryPoint","urlTemplate":"https:\/\/cabane-des-vignettes.ch\/fr\/?s={search_term_string}"},"query-input":{"@type":"PropertyValueSpecification","valueRequired":true,"valueName":"search_term_string"}}],"inLanguage":"fr-FR"},{"@type":"Organization","@id":"https:\/\/cabane-des-vignettes.ch\/fr\/#organization","name":"Cabane des Vignettes","url":"https:\/\/cabane-des-vignettes.ch\/fr\/","logo":{"@type":"ImageObject","inLanguage":"fr-FR","@id":"https:\/\/cabane-des-vignettes.ch\/fr\/#\/schema\/logo\/image\/","url":"https:\/\/cabane-des-vignettes.ch\/wp-content\/uploads\/2022\/02\/cdv-logo-color.svg","contentUrl":"https:\/\/cabane-des-vignettes.ch\/wp-content\/uploads\/2022\/02\/cdv-logo-color.svg","width":1,"height":1,"caption":"Cabane des Vignettes"},"image":{"@id":"https:\/\/cabane-des-vignettes.ch\/fr\/#\/schema\/logo\/image\/"},"sameAs":["https:\/\/www.facebook.com\/Cabane-des-Vignettes-104205062176411","https:\/\/www.instagram.com\/cabane_des_vignettes\/"]}]}},"_links":{"self":[{"href":"https:\/\/cabane-des-vignettes.ch\/fr\/wp-json\/wp\/v2\/pages\/260","targetHints":{"allow":["GET"]}}],"collection":[{"href":"https:\/\/cabane-des-vignettes.ch\/fr\/wp-json\/wp\/v2\/pages"}],"about":[{"href":"https:\/\/cabane-des-vignettes.ch\/fr\/wp-json\/wp\/v2\/types\/page"}],"author":[{"embeddable":true,"href":"https:\/\/cabane-des-vignettes.ch\/fr\/wp-json\/wp\/v2\/users\/1"}],"replies":[{"embeddable":true,"href":"https:\/\/cabane-des-vignettes.ch\/fr\/wp-json\/wp\/v2\/comments?post=260"}],"version-history":[{"count":7,"href":"https:\/\/cabane-des-vignettes.ch\/fr\/wp-json\/wp\/v2\/pages\/260\/revisions"}],"predecessor-version":[{"id":671,"href":"https:\/\/cabane-des-vignettes.ch\/fr\/wp-json\/wp\/v2\/pages\/260\/revisions\/671"}],"wp:attachment":[{"href":"https:\/\/cabane-des-vignettes.ch\/fr\/wp-json\/wp\/v2\/media?parent=260"}],"curies":[{"name":"wp","href":"https:\/\/api.w.org\/{rel}","templated":true}]}}